{"id":377,"date":"2026-02-05T04:56:31","date_gmt":"2026-02-05T03:56:31","guid":{"rendered":"https:\/\/zorroahorro.com\/?page_id=377"},"modified":"2026-02-05T04:56:31","modified_gmt":"2026-02-05T03:56:31","slug":"aviso-legal","status":"publish","type":"page","link":"https:\/\/zorroahorro.com\/mx\/aviso-legal\/","title":{"rendered":"Aviso legal"},"content":{"rendered":"<p>\u2550\u2550\u2550\u2550\u2550\u2550\u2550\u2550\u2550\u2550\u2550\u2550\u2550\u2550\u2550\u2550\u2550\u2550\u2550\u2550\u2550\u2550\u2550\u2550\u2550\u2550\u2550\u2550\u2550\u2550\u2550\u2550\u2550\u2550\u2550\u2550\u2550\u2550<br>AVISO LEGAL<br>\u2550\u2550\u2550\u2550\u2550\u2550\u2550\u2550\u2550\u2550\u2550\u2550\u2550\u2550\u2550\u2550\u2550\u2550\u2550\u2550\u2550\u2550\u2550\u2550\u2550\u2550\u2550\u2550\u2550\u2550\u2550\u2550\u2550\u2550\u2550\u2550\u2550\u2550<\/p>\n\n\n\n<p>Informaci\u00f3n conforme al art\u00edculo 5 de la Ley alemana de servicios de telecomunicaci\u00f3n (TMG)<\/p>\n\n\n\n<p>Andreas Gronmaier<br>empresario individual<br>desarrollo de software<\/p>\n\n\n\n<p>Direcci\u00f3n:<br>Andreas Gronmaier<br>88045 Friedrichshafen<br>Alemania<\/p>\n\n\n\n<p>Contacto:<br>Correo electr\u00f3nico: mail@zorroahorro<\/p>\n\n\n\n<p>Impuesto sobre el valor agregado:<br>Peque\u00f1os empresarios seg\u00fan el art\u00edculo 19 de la Ley alemana del impuesto sobre el valor agregado (UStG).<br>Sin n\u00famero de identificaci\u00f3n fiscal<\/p>\n\n\n\n<p>Responsable del contenido seg\u00fan el art\u00edculo 55, apartado 2, del RStV (Acuerdo estatal sobre radiodifusi\u00f3n):<br>Andreas Gronmaier, direcci\u00f3n como arriba<\/p>\n\n\n\n<p>Exenci\u00f3n de responsabilidad:<\/p>\n\n\n\n<p>Responsabilidad por los contenidos<br>El contenido de este sitio web ha sido elaborado con el mayor cuidado.<br>Por la exactitud, integridad y actualidad de los contenidos<br>Sin embargo, no podemos asumir ninguna responsabilidad al respecto.<\/p>\n\n\n\n<p>Responsabilidad por los enlaces<br>Nuestra oferta contiene enlaces a sitios web externos de terceros, en los que<br>sobre cuyos contenidos no tenemos influencia alguna. Por los contenidos de<br>El proveedor correspondiente es siempre responsable de las p\u00e1ginas enlazadas.<\/p>\n\n\n\n<p>Resoluci\u00f3n de litigios en l\u00ednea seg\u00fan el art\u00edculo 14, apartado 1, del Reglamento ODR:<br>La Comisi\u00f3n Europea ofrece una plataforma para<br>Resoluci\u00f3n de disputas en l\u00ednea (ODR) disponible:<br>https:\/\/ec.europa.eu\/consumers\/odr<\/p>\n\n\n\n<p>Estamos obligados a participar en un procedimiento de resoluci\u00f3n de disputas ante<br>ni obligado ni dispuesto a acudir a un organismo de conciliaci\u00f3n de consumidores.<\/p>","protected":false},"excerpt":{"rendered":"<p>\u2550\u2550\u2550\u2550\u2550\u2550\u2550\u2550\u2550\u2550\u2550\u2550\u2550\u2550\u2550\u2550\u2550\u2550\u2550\u2550\u2550\u2550\u2550\u2550\u2550\u2550\u2550\u2550\u2550\u2550\u2550\u2550\u2550\u2550\u2550\u2550\u2550\u2550\u2550IMPRESSUM\u2550\u2550\u2550\u2550\u2550\u2550\u2550\u2550\u2550\u2550\u2550\u2550\u2550\u2550\u2550\u2550\u2550\u2550\u2550\u2550\u2550\u2550\u2550\u2550\u2550\u2550\u2550\u2550\u2550\u2550\u2550\u2550\u2550\u2550\u2550\u2550\u2550\u2550\u2550 Angaben gem\u00e4\u00df \u00a7 5 TMG Andreas GronmaierEinzelunternehmerSoftwareentwicklung Anschrift:Andreas Gronmaier88045 FriedrichshafenDeutschland Kontakt:E-Mail: mail@zorroahorro Umsatzsteuer:Kleinunternehmer gem\u00e4\u00df \u00a7 19 UStGKeine Umsatzsteuer-Identifikationsnummer Verantwortlich [&hellip;]<\/p>\n","protected":false},"author":1,"featured_media":0,"parent":0,"menu_order":0,"comment_status":"closed","ping_status":"closed","template":"","meta":{"inline_featured_image":false,"site-sidebar-layout":"default","site-content-layout":"","ast-site-content-layout":"default","site-content-style":"default","site-sidebar-style":"default","ast-global-header-display":"","ast-banner-title-visibility":"","ast-main-header-display":"","ast-hfb-above-header-display":"","ast-hfb-below-header-display":"","ast-hfb-mobile-header-display":"","site-post-title":"","ast-breadcrumbs-content":"","ast-featured-img":"","footer-sml-layout":"","ast-disable-related-posts":"","theme-transparent-header-meta":"","adv-header-id-meta":"","stick-header-meta":"","header-above-stick-meta":"","header-main-stick-meta":"","header-below-stick-meta":"","astra-migrate-meta-layouts":"default","ast-page-background-enabled":"default","ast-page-background-meta":{"desktop":{"background-color":"var(--ast-global-color-5)","background-image":"","background-repeat":"repeat","background-position":"center center","background-size":"auto","background-attachment":"scroll","background-type":"","background-media":"","overlay-type":"","overlay-color":"","overlay-opacity":"","overlay-gradient":""},"tablet":{"background-color":"","background-image":"","background-repeat":"repeat","background-position":"center center","background-size":"auto","background-attachment":"scroll","background-type":"","background-media":"","overlay-type":"","overlay-color":"","overlay-opacity":"","overlay-gradient":""},"mobile":{"background-color":"","background-image":"","background-repeat":"repeat","background-position":"center center","background-size":"auto","background-attachment":"scroll","background-type":"","background-media":"","overlay-type":"","overlay-color":"","overlay-opacity":"","overlay-gradient":""}},"ast-content-background-meta":{"desktop":{"background-color":"var(--ast-global-color-4)","background-image":"","background-repeat":"repeat","background-position":"center center","background-size":"auto","background-attachment":"scroll","background-type":"","background-media":"","overlay-type":"","overlay-color":"","overlay-opacity":"","overlay-gradient":""},"tablet":{"background-color":"var(--ast-global-color-4)","background-image":"","background-repeat":"repeat","background-position":"center center","background-size":"auto","background-attachment":"scroll","background-type":"","background-media":"","overlay-type":"","overlay-color":"","overlay-opacity":"","overlay-gradient":""},"mobile":{"background-color":"var(--ast-global-color-4)","background-image":"","background-repeat":"repeat","background-position":"center center","background-size":"auto","background-attachment":"scroll","background-type":"","background-media":"","overlay-type":"","overlay-color":"","overlay-opacity":"","overlay-gradient":""}},"iawp_total_views":1,"footnotes":""},"class_list":["post-377","page","type-page","status-publish","hentry"],"_links":{"self":[{"href":"https:\/\/zorroahorro.com\/mx\/wp-json\/wp\/v2\/pages\/377","targetHints":{"allow":["GET"]}}],"collection":[{"href":"https:\/\/zorroahorro.com\/mx\/wp-json\/wp\/v2\/pages"}],"about":[{"href":"https:\/\/zorroahorro.com\/mx\/wp-json\/wp\/v2\/types\/page"}],"author":[{"embeddable":true,"href":"https:\/\/zorroahorro.com\/mx\/wp-json\/wp\/v2\/users\/1"}],"replies":[{"embeddable":true,"href":"https:\/\/zorroahorro.com\/mx\/wp-json\/wp\/v2\/comments?post=377"}],"version-history":[{"count":1,"href":"https:\/\/zorroahorro.com\/mx\/wp-json\/wp\/v2\/pages\/377\/revisions"}],"predecessor-version":[{"id":378,"href":"https:\/\/zorroahorro.com\/mx\/wp-json\/wp\/v2\/pages\/377\/revisions\/378"}],"wp:attachment":[{"href":"https:\/\/zorroahorro.com\/mx\/wp-json\/wp\/v2\/media?parent=377"}],"curies":[{"name":"wp","href":"https:\/\/api.w.org\/{rel}","templated":true}]}}